{"id":927,"date":"2026-01-26T12:57:01","date_gmt":"2026-01-26T12:57:01","guid":{"rendered":"https:\/\/fip-academy.com\/?page_id=927"},"modified":"2026-03-27T09:32:02","modified_gmt":"2026-03-27T09:32:02","slug":"privacy-policy","status":"publish","type":"page","link":"https:\/\/www.fip-academy.com\/es\/privacy-policy\/","title":{"rendered":"Privacy Policy"},"content":{"rendered":"<div class=\"cookie-policy\">\n<p><strong>Declaraci\u00f3n de privacidad\u00a0(\u00faltima revisi\u00f3n de abril de 2025)<\/strong><\/p>\n<p>&nbsp;<\/p>\n<p>La Federaci\u00f3n Internacional de P\u00e1del (en adelante \u00abFIP\u00bb o \u00abFederaci\u00f3n\u00bb), en calidad de responsable del tratamiento, proporciona a los interesados la siguiente informaci\u00f3n, tal y como exige el Reglamento General de Protecci\u00f3n de Datos (Reg. UE 2016\/679) (en adelante \u00abRGPD\u00bb).<\/p>\n<p>Con este documento, la FIP especifica los fines y las formas del tratamiento de datos personales que lleva a cabo cuando un interesado se relaciona con la Federaci\u00f3n, como cuando se inscribe en un torneo gestionado por la FIP proporcionando sus datos personales, o interact\u00faa a trav\u00e9s de otros canales, incluso no en l\u00ednea, para participar en eventos, como atleta, t\u00e9cnico o acompa\u00f1ante, o en relaci\u00f3n con las actividades promocionales de la Federaci\u00f3n.<\/p>\n<p>Es posible que la FIP elabore declaraciones de privacidad relativas al tratamiento de datos personales realizados para actividades espec\u00edficas o eventos individuales, como complemento o en sustituci\u00f3n de esta Declaraci\u00f3n de privacidad. En ese caso, la Federaci\u00f3n podr\u00e1 proporcionar dichas declaraciones en formato impreso o remitir a la secci\u00f3n dedicada a la privacidad de su sitio web en\u00a0<a href=\"https:\/\/www.padelfip.com\/\">www.padelfip.com<\/a>\u00a0(en adelante, \u201cPortal FIP\u201d) o de otros sitios web vinculados a las actividades de inter\u00e9s de la Federaci\u00f3n. Se invita a los interesados de estos tratamientos a consultar las correspondientes declaraciones si a\u00fan no las han recibido.<\/p>\n<p>&nbsp;<\/p>\n<p><strong>Introducci\u00f3n<\/strong><\/p>\n<p>&nbsp;<\/p>\n<p>El responsable del tratamiento de datos es la FIP, con sede en Lausana (Suiza), Maison du Sport International, Av. De Rhodanie n. 54, CH-1007, n\u00famero de identificaci\u00f3n fiscal: CHE 154.720.366.<\/p>\n<p>La Federaci\u00f3n trata los datos personales con el fin de permitir a los interesados relacionarse con la FIP, incluyendo la inscripci\u00f3n en torneos FIP.<\/p>\n<p>Adem\u00e1s, la FIP puede procesar datos personales para cumplir con obligaciones legales; para solicitar a los organizadores locales de eventos los derechos de acceso para determinadas categor\u00edas de personas; para responder a las solicitudes de los interesados, as\u00ed como para perseguir sus fines estatutarios, relacionados con la organizaci\u00f3n, gesti\u00f3n y promoci\u00f3n del juego del p\u00e1del en el mundo y de las actividades relacionadas.<\/p>\n<p>En la mayor\u00eda de los casos, los datos personales son proporcionados directamente por los interesados, pero tambi\u00e9n es posible que la FIP reciba datos de otras entidades. Por ejemplo, es posible que la Federaci\u00f3n permita la interacci\u00f3n con los usuarios que navegan por p\u00e1ginas o canales de redes sociales gestionados por la FIP, aunque sea de forma indirecta, como Facebook, Instagram, X, Youtube. Cuando esto ocurre, la FIP recibe los datos personales de los usuarios directamente de las redes sociales.<\/p>\n<p>Cuando el tratamiento est\u00e9 legitimado por el consentimiento de los interesados, \u00e9stos podr\u00e1n revocar o modificar su consentimiento en cualquier momento, as\u00ed como solicitar la eliminaci\u00f3n de sus datos o la limitaci\u00f3n del tratamiento cuando concurran ciertas situaciones reguladas por la ley y descritas a continuaci\u00f3n. No obstante, se informa a los interesados de que es posible que la FIP pueda seguir tratando leg\u00edtimamente los datos personales incluso cuando un interesado revoque su consentimiento o ejerza estos derechos.<\/p>\n<p>La FIP utiliza cookies para personalizar y mejorar la experiencia de navegaci\u00f3n. Para m\u00e1s informaci\u00f3n, puede consultar la pol\u00edtica de cookies del Portal FIP.<\/p>\n<p>&nbsp;<\/p>\n<p><strong>Qu\u00e9 datos trata la FIP y c\u00f3mo los recoge.<\/strong>\u00a0<strong>Consecuencias de no proporcionarlos.<\/strong><\/p>\n<p>&nbsp;<\/p>\n<p>La FIP recoge y trata los datos personales comunicados espont\u00e1neamente por los interesados cuando interact\u00faan con la Federaci\u00f3n o se inscriben en torneos, eventos e iniciativas organizados o promovidos por ella.<\/p>\n<p>En otros casos, la Federaci\u00f3n trata los datos recogidos o generados al acceder al Portal FIP o a otros sitios relacionados con las actividades de la FIP. Puede ocurrir que la FIP trate datos recogidos, generados o comunicados a la Federaci\u00f3n por terceros, lo que sucede, por ejemplo, al descargar, instalar y utilizar apps, sitios web y redes sociales. En particular, cada vez que un usuario interact\u00faa con los contenidos publicados por la FIP o en canales sociales gestionados, directamente o indirectamente por nosotros, como en el caso de un \u00abme gusta\u00bb, un comentario o una compartici\u00f3n, los datos personales de los usuarios pueden ser comunicados a la Federaci\u00f3n seg\u00fan lo dispuesto por las pol\u00edticas de privacidad de cada sitio web, app o red social. Adem\u00e1s, la FIP podr\u00e1 tratar los datos recibidos de federaciones nacionales, empresas, asociaciones u organismos nacionales o internacionales que promuevan u organicen competiciones, torneos o eventos oficiales autorizados por la Federaci\u00f3n. En este caso, los datos podr\u00e1n ser necesarios para permitir la participaci\u00f3n de los interesados en dichos eventos y competiciones.<\/p>\n<p>&nbsp;<\/p>\n<p><strong>Finalidades y base jur\u00eddica del tratamiento<\/strong><\/p>\n<p>&nbsp;<\/p>\n<p>La FIP trata los datos personales de los interesados para los fines necesarios para el desarrollo de sus propias actividades y, por lo tanto, para perseguir los intereses leg\u00edtimos derivados de su papel como instituci\u00f3n de referencia para la organizaci\u00f3n y administraci\u00f3n del juego del p\u00e1del en el mundo, as\u00ed como de su promoci\u00f3n.<\/p>\n<p>La FIP tambi\u00e9n podr\u00e1 tratar datos personales cuando sea necesario para ejecutar un contrato con el interesado o cumplir con las obligaciones precontractuales, o para cumplir con obligaciones legales.<\/p>\n<p>En estos casos, los fines de la Federaci\u00f3n pueden incluir:<\/p>\n<ul>\n<li>asegurar la identidad de las contrapartes contractuales o de los interesados que entren en contacto con la Federaci\u00f3n para el ejercicio de sus actividades;<\/li>\n<li>ejecutar contratos y responder a solicitudes de los interesados;<\/li>\n<li>organizar competiciones y eventos deportivos o sociales, a nivel local, nacional e internacional, incluida la asunci\u00f3n de cualquier carga o cumplimiento derivado de los mismos;<\/li>\n<li>supervisar la regularidad de los eventos y actividades deportivas y de promoci\u00f3n que se desarrollen de conformidad con los Estatutos de la FIP y dem\u00e1s reglamentos de la FIP;<\/li>\n<li>cooperar con las autoridades, incluso comunicando datos personales previamente recogidos, seg\u00fan lo prescrito por las leyes aplicables;<\/li>\n<li>organizar y permitir el desarrollo regular de las actividades de justicia deportiva, incluida la publicaci\u00f3n de las decisiones correspondientes;<\/li>\n<li>realizar actividades de promoci\u00f3n de las actividades de la FIP, del deporte en general y del p\u00e1del, as\u00ed como de iniciativas con fines sociales o sanitarios (cuando esto requiera el tratamiento de datos de categor\u00edas especiales, estos se tratar\u00e1n de manera an\u00f3nima, y cuando esto no sea posible, los datos se tratar\u00e1n o con base en una necesidad leg\u00edtima o con un consentimiento expl\u00edcito que ser\u00e1 recogido expresamente);<\/li>\n<li>producir, conservar y utilizar v\u00eddeos, fotograf\u00edas, im\u00e1genes, otros contenidos audiovisuales, grabaciones, noticias sobre resultados o eventos deportivos, producir o tratar documentos de inter\u00e9s p\u00fablico o hist\u00f3rico o de relevancia estad\u00edstica, como parte del inter\u00e9s de la Federaci\u00f3n en hacer un seguimiento y contar la historia del deporte en general y del p\u00e1del en particular.<\/li>\n<\/ul>\n<p>Adem\u00e1s, la FIP podr\u00e1 solicitar el consentimiento expl\u00edcito de los interesados para otros tratamientos cuando estos tengan como finalidad:<\/p>\n<ul>\n<li>la utilizaci\u00f3n de cookies y otras herramientas similares, tal y como se describe en la pol\u00edtica de cookies de la FIP;<\/li>\n<li>otros casos en los que se requiera expresamente el consentimiento.<\/li>\n<\/ul>\n<p>La FIP informa a los interesados que no realiza procesos decisionales automatizados que produzcan efectos jur\u00eddicos relevantes para el interesado o que afecten significativamente a su persona.<\/p>\n<p>&nbsp;<\/p>\n<p><strong>Consentimiento para el tratamiento<\/strong><\/p>\n<p>&nbsp;<\/p>\n<p>Cuando la FIP trate datos personales sobre la base del consentimiento expl\u00edcito del interesado, \u00e9ste podr\u00e1 revocarlo en cualquier momento. Sin embargo, la revocaci\u00f3n del consentimiento no afectar\u00e1 la legalidad del tratamiento realizado en base al consentimiento antes de su revocaci\u00f3n, pero podr\u00eda tener como consecuencia la imposibilidad de cumplir con un fin. Por ejemplo, cuando el tratamiento de datos personales sea necesario para la participaci\u00f3n en un torneo, la revocaci\u00f3n del consentimiento \u00a0por parte del interesado podr\u00eda impedirle de participar en cualquier fase del torneo.<\/p>\n<p>Se recuerda que, incluso en caso de revocaci\u00f3n, para algunos fines la Federaci\u00f3n podr\u00eda leg\u00edtimamente seguir tratando los datos del interesado que haya revocado su consentimiento cuando existan otras bases jur\u00eddicas para dichos fines.<\/p>\n<p>&nbsp;<\/p>\n<p><strong>Menores de edad<\/strong><\/p>\n<p>&nbsp;<\/p>\n<p>Como cualquier deporte, el p\u00e1del es una pasi\u00f3n que no tiene l\u00edmite de edad. Por este motivo, es posible que los interesados sean menores de edad.<\/p>\n<p>Sin embargo, en los casos en los que se requiera, el consentimiento para el tratamiento de sus datos personales ser\u00e1 leg\u00edtimamente expresado directamente por el menor solo cuando haya cumplido 16 a\u00f1os. En los dem\u00e1s casos, la Federaci\u00f3n exige que el consentimiento para el tratamiento sea prestado o autorizado por el titular de la responsabilidad parental sobre el menor.<\/p>\n<p>&nbsp;<\/p>\n<p><strong>Per\u00edodo de conservaci\u00f3n de los datos<\/strong><\/p>\n<p>&nbsp;<\/p>\n<p>Los datos personales recogidos por la FIP se conservar\u00e1n durante el periodo de tiempo necesario para alcanzar los fines del tratamiento. No siempre es posible determinar con precisi\u00f3n este periodo de tiempo. En general, los criterios que utilizamos para determinar el periodo de conservaci\u00f3n son los siguientes:<\/p>\n<ul>\n<li>si los datos son tratados para ejecutar un contrato, cumplir con obligaciones precontractuales o responder a solicitudes de los interesados: 11 a\u00f1os desde la fecha en que se concluy\u00f3 el contrato, salvo que surjan disputas;<\/li>\n<li>cuando los datos est\u00e9n relacionados con la inscripci\u00f3n en torneos, partidos o eventos: durante todo el periodo en que el interesado est\u00e9 activo en una Federaci\u00f3n nacional y durante las 5 temporadas deportivas siguientes;<\/li>\n<li>cuando el tratamiento se realice para cumplir con obligaciones legales: durante todo el periodo requerido por la ley;<\/li>\n<li>cuando tratamos datos para perseguir nuestro inter\u00e9s leg\u00edtimo de documentar las actividades de la Federaci\u00f3n y la historia del p\u00e1del: durante per\u00edodos m\u00e1s largos, en cumplimiento del principio de minimizaci\u00f3n de datos permitido por el RGPD.<\/li>\n<\/ul>\n<p>La Federaci\u00f3n se\u00f1ala que cuando un interesado ejerce sus derechos, por ejemplo al retirar su consentimiento, los datos personales no se suprimen, ni se restringe su uso de manera inmediata: es posible que esos datos se traten durante un per\u00edodo adicional estrictamente necesario para cumplir con las solicitudes recibidas.<\/p>\n<p>Por \u00faltimo, la FIP conserva indefinidamente un registro del hecho de que el interesado ha ejercido su derecho, con el fin de poder cumplir con las solicitudes recibidas (por ejemplo, de no ser nuevamente contactado).<\/p>\n<p>&nbsp;<\/p>\n<p><strong>Comunicaci\u00f3n y difusi\u00f3n de datos personales.<\/strong>\u00a0<strong>Transferencia al extranjero<\/strong><\/p>\n<p>&nbsp;<\/p>\n<p>Los datos personales podr\u00e1n ser compartidos, con el fin de perseguir las finalidades descritas, entre las oficinas competentes de la Federaci\u00f3n y tambi\u00e9n con diferentes terceros, ya sean proveedores de bienes o servicios, organizadores locales o socios comerciales de la Federaci\u00f3n.<\/p>\n<p>Los datos personales tambi\u00e9n pueden tener que comunicarse a aquellos sujetos para los que la Federaci\u00f3n haya recibido el consentimiento para la comunicaci\u00f3n.<\/p>\n<p>Todos estos sujetos tratar\u00e1n los datos personales recibidos como responsables de tratamientos aut\u00f3nomos.<\/p>\n<p>Adem\u00e1s, es posible que los datos personales se comuniquen a los \u00f3rganos de justicia deportiva, cuando sea necesario.<\/p>\n<p>Se recuerda que la FIP est\u00e1 obligada a comunicar los datos personales tratados a las autoridades, cuando as\u00ed lo exija la ley.<\/p>\n<p>Por \u00faltimo, la FIP, en el ejercicio de sus funciones y en la persecuci\u00f3n de sus intereses leg\u00edtimos, podr\u00e1 difundir algunos datos personales relacionados, por ejemplo, con las decisiones de los \u00f3rganos de justicia deportiva, los resultados de las competiciones y las principales noticias de los eventos \u00a0organizados o gestionados o patrocinados por la FIP, para mantener el registro y la memoria de los mismos, con fines informativos y period\u00edsticos, as\u00ed como por motivos estad\u00edsticos y para usos promocionales y comerciales.<\/p>\n<p>Dado que, para el cumplimiento de las finalidades descritas, la FIP necesita a menudo transferir datos personales fuera del Espacio Econ\u00f3mico Europeo (EEE), la FIP solicitar\u00e1 siempre el consentimiento expreso del interesado para tal fin.<\/p>\n<p>Cuando no se haya obtenido previamente el consentimiento expreso del interesado, la FIP garantizar\u00e0 que la eventual transferencia se realice de conformidad con cl\u00e1usulas contractuales est\u00e1ndar o normas corporativas vinculantes o un c\u00f3digo de conducta apropiado.<\/p>\n<p>En caso de transferencia a pa\u00edses o entidades fuera del EEE, la FIP pondr\u00e1 a disposici\u00f3n las referencias del mecanismo aplicable o las comunicar\u00e1 en respuesta a cualquier solicitud de los interesados.<\/p>\n<p>&nbsp;<\/p>\n<p><strong>Derechos de los interesados<\/strong><\/p>\n<p>&nbsp;<\/p>\n<p>Cada interesado tiene derecho de solicitar a la FIP el acceso a sus datos personales, la rectificaci\u00f3n, la supresi\u00f3n o la limitaci\u00f3n de su tratamiento si se cumplen las condiciones legales.<\/p>\n<p>Puede ponerse en contacto con el responsable del tratamiento enviando un correo electr\u00f3nico a: secretaria@padelfip.com.<\/p>\n<p>Si lo desea, cada interesado tambi\u00e9n tiene el derecho de presentar una queja ante una autoridad de control; la autoridad italiana puede ser contactada en la direcci\u00f3n\u00a0<a href=\"http:\/\/www.garanteprivacy.it\/\">www.garanteprivacy.it<\/a>.<\/p>\n<\/div>\n","protected":false},"excerpt":{"rendered":"<p>Declaraci\u00f3n de privacidad\u00a0(\u00faltima revisi\u00f3n de abril de 2025) &nbsp; La Federaci\u00f3n Internacional de P\u00e1del (en adelante \u00abFIP\u00bb o \u00abFederaci\u00f3n\u00bb), en calidad de responsable del tratamiento, proporciona a los interesados la siguiente informaci\u00f3n, tal y como exige el Reglamento General de Protecci\u00f3n de Datos (Reg. UE 2016\/679) (en adelante \u00abRGPD\u00bb). Con este documento, la FIP especifica [&hellip;]<\/p>\n","protected":false},"author":2,"featured_media":0,"parent":0,"menu_order":0,"comment_status":"closed","ping_status":"closed","template":"template-privacy__cookie__terms.php","meta":{"_acf_changed":false,"footnotes":""},"class_list":["post-927","page","type-page","status-publish","hentry"],"acf":[],"yoast_head":"<!-- This site is optimized with the Yoast SEO plugin v26.3 - https:\/\/yoast.com\/wordpress\/plugins\/seo\/ -->\n<title>Privacy Policy - Fip Academy<\/title>\n<meta name=\"robots\" content=\"noindex, follow, max-snippet:-1, max-image-preview:large, max-video-preview:-1\" \/>\n<meta property=\"og:locale\" content=\"es_ES\" \/>\n<meta property=\"og:type\" content=\"article\" \/>\n<meta property=\"og:title\" content=\"Privacy Policy - Fip Academy\" \/>\n<meta property=\"og:description\" content=\"Declaraci\u00f3n de privacidad\u00a0(\u00faltima revisi\u00f3n de abril de 2025) &nbsp; La Federaci\u00f3n Internacional de P\u00e1del (en adelante \u00abFIP\u00bb o \u00abFederaci\u00f3n\u00bb), en calidad de responsable del tratamiento, proporciona a los interesados la siguiente informaci\u00f3n, tal y como exige el Reglamento General de Protecci\u00f3n de Datos (Reg. UE 2016\/679) (en adelante \u00abRGPD\u00bb). Con este documento, la FIP especifica [&hellip;]\" \/>\n<meta property=\"og:url\" content=\"https:\/\/www.fip-academy.com\/es\/privacy-policy\/\" \/>\n<meta property=\"og:site_name\" content=\"Fip Academy\" \/>\n<meta name=\"twitter:card\" content=\"summary_large_image\" \/>\n<meta name=\"twitter:label1\" content=\"Tiempo de lectura\" \/>\n\t<meta name=\"twitter:data1\" content=\"9 minutos\" \/>\n<script type=\"application\/ld+json\" class=\"yoast-schema-graph\">{\"@context\":\"https:\/\/schema.org\",\"@graph\":[{\"@type\":\"WebPage\",\"@id\":\"https:\/\/www.fip-academy.com\/es\/privacy-policy\/\",\"url\":\"https:\/\/www.fip-academy.com\/es\/privacy-policy\/\",\"name\":\"Privacy Policy - Fip Academy\",\"isPartOf\":{\"@id\":\"https:\/\/www.fip-academy.com\/es\/#website\"},\"datePublished\":\"2026-01-26T12:57:01+00:00\",\"dateModified\":\"2026-03-27T09:32:02+00:00\",\"breadcrumb\":{\"@id\":\"https:\/\/www.fip-academy.com\/es\/privacy-policy\/#breadcrumb\"},\"inLanguage\":\"es\",\"potentialAction\":[{\"@type\":\"ReadAction\",\"target\":[\"https:\/\/www.fip-academy.com\/es\/privacy-policy\/\"]}]},{\"@type\":\"BreadcrumbList\",\"@id\":\"https:\/\/www.fip-academy.com\/es\/privacy-policy\/#breadcrumb\",\"itemListElement\":[{\"@type\":\"ListItem\",\"position\":1,\"name\":\"Inicio\",\"item\":\"https:\/\/www.fip-academy.com\/es\/\"},{\"@type\":\"ListItem\",\"position\":2,\"name\":\"Privacy Policy\"}]},{\"@type\":\"WebSite\",\"@id\":\"https:\/\/www.fip-academy.com\/es\/#website\",\"url\":\"https:\/\/www.fip-academy.com\/es\/\",\"name\":\"Fip Academy\",\"description\":\"\",\"publisher\":{\"@id\":\"https:\/\/www.fip-academy.com\/es\/#organization\"},\"potentialAction\":[{\"@type\":\"SearchAction\",\"target\":{\"@type\":\"EntryPoint\",\"urlTemplate\":\"https:\/\/www.fip-academy.com\/es\/?s={search_term_string}\"},\"query-input\":{\"@type\":\"PropertyValueSpecification\",\"valueRequired\":true,\"valueName\":\"search_term_string\"}}],\"inLanguage\":\"es\"},{\"@type\":\"Organization\",\"@id\":\"https:\/\/www.fip-academy.com\/es\/#organization\",\"name\":\"Fip Academy\",\"url\":\"https:\/\/www.fip-academy.com\/es\/\",\"logo\":{\"@type\":\"ImageObject\",\"inLanguage\":\"es\",\"@id\":\"https:\/\/www.fip-academy.com\/es\/#\/schema\/logo\/image\/\",\"url\":\"https:\/\/www.fip-academy.com\/wp-content\/uploads\/2025\/11\/prova.svg\",\"contentUrl\":\"https:\/\/www.fip-academy.com\/wp-content\/uploads\/2025\/11\/prova.svg\",\"width\":76,\"height\":59,\"caption\":\"Fip Academy\"},\"image\":{\"@id\":\"https:\/\/www.fip-academy.com\/es\/#\/schema\/logo\/image\/\"}}]}<\/script>\n<!-- \/ Yoast SEO plugin. -->","yoast_head_json":{"title":"Privacy Policy - Fip Academy","robots":{"index":"noindex","follow":"follow","max-snippet":"max-snippet:-1","max-image-preview":"max-image-preview:large","max-video-preview":"max-video-preview:-1"},"og_locale":"es_ES","og_type":"article","og_title":"Privacy Policy - Fip Academy","og_description":"Declaraci\u00f3n de privacidad\u00a0(\u00faltima revisi\u00f3n de abril de 2025) &nbsp; La Federaci\u00f3n Internacional de P\u00e1del (en adelante \u00abFIP\u00bb o \u00abFederaci\u00f3n\u00bb), en calidad de responsable del tratamiento, proporciona a los interesados la siguiente informaci\u00f3n, tal y como exige el Reglamento General de Protecci\u00f3n de Datos (Reg. UE 2016\/679) (en adelante \u00abRGPD\u00bb). Con este documento, la FIP especifica [&hellip;]","og_url":"https:\/\/www.fip-academy.com\/es\/privacy-policy\/","og_site_name":"Fip Academy","twitter_card":"summary_large_image","twitter_misc":{"Tiempo de lectura":"9 minutos"},"schema":{"@context":"https:\/\/schema.org","@graph":[{"@type":"WebPage","@id":"https:\/\/www.fip-academy.com\/es\/privacy-policy\/","url":"https:\/\/www.fip-academy.com\/es\/privacy-policy\/","name":"Privacy Policy - Fip Academy","isPartOf":{"@id":"https:\/\/www.fip-academy.com\/es\/#website"},"datePublished":"2026-01-26T12:57:01+00:00","dateModified":"2026-03-27T09:32:02+00:00","breadcrumb":{"@id":"https:\/\/www.fip-academy.com\/es\/privacy-policy\/#breadcrumb"},"inLanguage":"es","potentialAction":[{"@type":"ReadAction","target":["https:\/\/www.fip-academy.com\/es\/privacy-policy\/"]}]},{"@type":"BreadcrumbList","@id":"https:\/\/www.fip-academy.com\/es\/privacy-policy\/#breadcrumb","itemListElement":[{"@type":"ListItem","position":1,"name":"Inicio","item":"https:\/\/www.fip-academy.com\/es\/"},{"@type":"ListItem","position":2,"name":"Privacy Policy"}]},{"@type":"WebSite","@id":"https:\/\/www.fip-academy.com\/es\/#website","url":"https:\/\/www.fip-academy.com\/es\/","name":"Fip Academy","description":"","publisher":{"@id":"https:\/\/www.fip-academy.com\/es\/#organization"},"potentialAction":[{"@type":"SearchAction","target":{"@type":"EntryPoint","urlTemplate":"https:\/\/www.fip-academy.com\/es\/?s={search_term_string}"},"query-input":{"@type":"PropertyValueSpecification","valueRequired":true,"valueName":"search_term_string"}}],"inLanguage":"es"},{"@type":"Organization","@id":"https:\/\/www.fip-academy.com\/es\/#organization","name":"Fip Academy","url":"https:\/\/www.fip-academy.com\/es\/","logo":{"@type":"ImageObject","inLanguage":"es","@id":"https:\/\/www.fip-academy.com\/es\/#\/schema\/logo\/image\/","url":"https:\/\/www.fip-academy.com\/wp-content\/uploads\/2025\/11\/prova.svg","contentUrl":"https:\/\/www.fip-academy.com\/wp-content\/uploads\/2025\/11\/prova.svg","width":76,"height":59,"caption":"Fip Academy"},"image":{"@id":"https:\/\/www.fip-academy.com\/es\/#\/schema\/logo\/image\/"}}]}},"_links":{"self":[{"href":"https:\/\/www.fip-academy.com\/es\/wp-json\/wp\/v2\/pages\/927","targetHints":{"allow":["GET"]}}],"collection":[{"href":"https:\/\/www.fip-academy.com\/es\/wp-json\/wp\/v2\/pages"}],"about":[{"href":"https:\/\/www.fip-academy.com\/es\/wp-json\/wp\/v2\/types\/page"}],"author":[{"embeddable":true,"href":"https:\/\/www.fip-academy.com\/es\/wp-json\/wp\/v2\/users\/2"}],"replies":[{"embeddable":true,"href":"https:\/\/www.fip-academy.com\/es\/wp-json\/wp\/v2\/comments?post=927"}],"version-history":[{"count":4,"href":"https:\/\/www.fip-academy.com\/es\/wp-json\/wp\/v2\/pages\/927\/revisions"}],"predecessor-version":[{"id":983,"href":"https:\/\/www.fip-academy.com\/es\/wp-json\/wp\/v2\/pages\/927\/revisions\/983"}],"wp:attachment":[{"href":"https:\/\/www.fip-academy.com\/es\/wp-json\/wp\/v2\/media?parent=927"}],"curies":[{"name":"wp","href":"https:\/\/api.w.org\/{rel}","templated":true}]}}