{"id":237,"date":"2025-11-05T13:14:26","date_gmt":"2025-11-05T13:14:26","guid":{"rendered":"https:\/\/fip-academy.com\/quienes-somos\/"},"modified":"2026-03-23T09:15:18","modified_gmt":"2026-03-23T09:15:18","slug":"sobre-nosotros","status":"publish","type":"page","link":"https:\/\/www.fip-academy.com\/es\/sobre-nosotros\/","title":{"rendered":"Sobre Nosotros"},"content":{"rendered":"","protected":false},"excerpt":{"rendered":"","protected":false},"author":2,"featured_media":0,"parent":0,"menu_order":0,"comment_status":"closed","ping_status":"closed","template":"template-who-we-are.php","meta":{"_acf_changed":false,"footnotes":""},"class_list":["post-237","page","type-page","status-publish","hentry"],"acf":[],"yoast_head":"<!-- This site is optimized with the Yoast SEO plugin v26.3 - https:\/\/yoast.com\/wordpress\/plugins\/seo\/ -->\n<title>Sobre Nosotros | La Misi\u00f3n de FIP Academy en el P\u00e1del<\/title>\n<meta name=\"description\" content=\"Conoce la misi\u00f3n y valores de FIP Academy. Trabajamos para profesionalizar el p\u00e1del en todo el mundo a trav\u00e9s de la excelencia acad\u00e9mica y certificaciones oficiales internacionales.\" \/>\n<meta name=\"robots\" content=\"noindex, follow, max-snippet:-1, max-image-preview:large, max-video-preview:-1\" \/>\n<meta property=\"og:locale\" content=\"es_ES\" \/>\n<meta property=\"og:type\" content=\"article\" \/>\n<meta property=\"og:title\" content=\"Sobre Nosotros | La Misi\u00f3n de FIP Academy en el P\u00e1del\" \/>\n<meta property=\"og:description\" content=\"Conoce la misi\u00f3n y valores de FIP Academy. Trabajamos para profesionalizar el p\u00e1del en todo el mundo a trav\u00e9s de la excelencia acad\u00e9mica y certificaciones oficiales internacionales.\" \/>\n<meta property=\"og:url\" content=\"https:\/\/www.fip-academy.com\/es\/sobre-nosotros\/\" \/>\n<meta property=\"og:site_name\" content=\"Fip Academy\" \/>\n<meta name=\"twitter:card\" content=\"summary_large_image\" \/>\n<script type=\"application\/ld+json\" class=\"yoast-schema-graph\">{\"@context\":\"https:\/\/schema.org\",\"@graph\":[{\"@type\":\"WebPage\",\"@id\":\"https:\/\/www.fip-academy.com\/es\/sobre-nosotros\/\",\"url\":\"https:\/\/www.fip-academy.com\/es\/sobre-nosotros\/\",\"name\":\"Sobre Nosotros | La Misi\u00f3n de FIP Academy en el P\u00e1del\",\"isPartOf\":{\"@id\":\"https:\/\/www.fip-academy.com\/es\/#website\"},\"datePublished\":\"2025-11-05T13:14:26+00:00\",\"dateModified\":\"2026-03-23T09:15:18+00:00\",\"description\":\"Conoce la misi\u00f3n y valores de FIP Academy. Trabajamos para profesionalizar el p\u00e1del en todo el mundo a trav\u00e9s de la excelencia acad\u00e9mica y certificaciones oficiales internacionales.\",\"breadcrumb\":{\"@id\":\"https:\/\/www.fip-academy.com\/es\/sobre-nosotros\/#breadcrumb\"},\"inLanguage\":\"es\",\"potentialAction\":[{\"@type\":\"ReadAction\",\"target\":[\"https:\/\/www.fip-academy.com\/es\/sobre-nosotros\/\"]}]},{\"@type\":\"BreadcrumbList\",\"@id\":\"https:\/\/www.fip-academy.com\/es\/sobre-nosotros\/#breadcrumb\",\"itemListElement\":[{\"@type\":\"ListItem\",\"position\":1,\"name\":\"Inicio\",\"item\":\"https:\/\/www.fip-academy.com\/es\/\"},{\"@type\":\"ListItem\",\"position\":2,\"name\":\"Sobre Nosotros\"}]},{\"@type\":\"WebSite\",\"@id\":\"https:\/\/www.fip-academy.com\/es\/#website\",\"url\":\"https:\/\/www.fip-academy.com\/es\/\",\"name\":\"Fip Academy\",\"description\":\"\",\"publisher\":{\"@id\":\"https:\/\/www.fip-academy.com\/es\/#organization\"},\"potentialAction\":[{\"@type\":\"SearchAction\",\"target\":{\"@type\":\"EntryPoint\",\"urlTemplate\":\"https:\/\/www.fip-academy.com\/es\/?s={search_term_string}\"},\"query-input\":{\"@type\":\"PropertyValueSpecification\",\"valueRequired\":true,\"valueName\":\"search_term_string\"}}],\"inLanguage\":\"es\"},{\"@type\":\"Organization\",\"@id\":\"https:\/\/www.fip-academy.com\/es\/#organization\",\"name\":\"Fip Academy\",\"url\":\"https:\/\/www.fip-academy.com\/es\/\",\"logo\":{\"@type\":\"ImageObject\",\"inLanguage\":\"es\",\"@id\":\"https:\/\/www.fip-academy.com\/es\/#\/schema\/logo\/image\/\",\"url\":\"https:\/\/www.fip-academy.com\/wp-content\/uploads\/2025\/11\/prova.svg\",\"contentUrl\":\"https:\/\/www.fip-academy.com\/wp-content\/uploads\/2025\/11\/prova.svg\",\"width\":76,\"height\":59,\"caption\":\"Fip Academy\"},\"image\":{\"@id\":\"https:\/\/www.fip-academy.com\/es\/#\/schema\/logo\/image\/\"}}]}<\/script>\n<!-- \/ Yoast SEO plugin. -->","yoast_head_json":{"title":"Sobre Nosotros | La Misi\u00f3n de FIP Academy en el P\u00e1del","description":"Conoce la misi\u00f3n y valores de FIP Academy. Trabajamos para profesionalizar el p\u00e1del en todo el mundo a trav\u00e9s de la excelencia acad\u00e9mica y certificaciones oficiales internacionales.","robots":{"index":"noindex","follow":"follow","max-snippet":"max-snippet:-1","max-image-preview":"max-image-preview:large","max-video-preview":"max-video-preview:-1"},"og_locale":"es_ES","og_type":"article","og_title":"Sobre Nosotros | La Misi\u00f3n de FIP Academy en el P\u00e1del","og_description":"Conoce la misi\u00f3n y valores de FIP Academy. Trabajamos para profesionalizar el p\u00e1del en todo el mundo a trav\u00e9s de la excelencia acad\u00e9mica y certificaciones oficiales internacionales.","og_url":"https:\/\/www.fip-academy.com\/es\/sobre-nosotros\/","og_site_name":"Fip Academy","twitter_card":"summary_large_image","schema":{"@context":"https:\/\/schema.org","@graph":[{"@type":"WebPage","@id":"https:\/\/www.fip-academy.com\/es\/sobre-nosotros\/","url":"https:\/\/www.fip-academy.com\/es\/sobre-nosotros\/","name":"Sobre Nosotros | La Misi\u00f3n de FIP Academy en el P\u00e1del","isPartOf":{"@id":"https:\/\/www.fip-academy.com\/es\/#website"},"datePublished":"2025-11-05T13:14:26+00:00","dateModified":"2026-03-23T09:15:18+00:00","description":"Conoce la misi\u00f3n y valores de FIP Academy. Trabajamos para profesionalizar el p\u00e1del en todo el mundo a trav\u00e9s de la excelencia acad\u00e9mica y certificaciones oficiales internacionales.","breadcrumb":{"@id":"https:\/\/www.fip-academy.com\/es\/sobre-nosotros\/#breadcrumb"},"inLanguage":"es","potentialAction":[{"@type":"ReadAction","target":["https:\/\/www.fip-academy.com\/es\/sobre-nosotros\/"]}]},{"@type":"BreadcrumbList","@id":"https:\/\/www.fip-academy.com\/es\/sobre-nosotros\/#breadcrumb","itemListElement":[{"@type":"ListItem","position":1,"name":"Inicio","item":"https:\/\/www.fip-academy.com\/es\/"},{"@type":"ListItem","position":2,"name":"Sobre Nosotros"}]},{"@type":"WebSite","@id":"https:\/\/www.fip-academy.com\/es\/#website","url":"https:\/\/www.fip-academy.com\/es\/","name":"Fip Academy","description":"","publisher":{"@id":"https:\/\/www.fip-academy.com\/es\/#organization"},"potentialAction":[{"@type":"SearchAction","target":{"@type":"EntryPoint","urlTemplate":"https:\/\/www.fip-academy.com\/es\/?s={search_term_string}"},"query-input":{"@type":"PropertyValueSpecification","valueRequired":true,"valueName":"search_term_string"}}],"inLanguage":"es"},{"@type":"Organization","@id":"https:\/\/www.fip-academy.com\/es\/#organization","name":"Fip Academy","url":"https:\/\/www.fip-academy.com\/es\/","logo":{"@type":"ImageObject","inLanguage":"es","@id":"https:\/\/www.fip-academy.com\/es\/#\/schema\/logo\/image\/","url":"https:\/\/www.fip-academy.com\/wp-content\/uploads\/2025\/11\/prova.svg","contentUrl":"https:\/\/www.fip-academy.com\/wp-content\/uploads\/2025\/11\/prova.svg","width":76,"height":59,"caption":"Fip Academy"},"image":{"@id":"https:\/\/www.fip-academy.com\/es\/#\/schema\/logo\/image\/"}}]}},"_links":{"self":[{"href":"https:\/\/www.fip-academy.com\/es\/wp-json\/wp\/v2\/pages\/237","targetHints":{"allow":["GET"]}}],"collection":[{"href":"https:\/\/www.fip-academy.com\/es\/wp-json\/wp\/v2\/pages"}],"about":[{"href":"https:\/\/www.fip-academy.com\/es\/wp-json\/wp\/v2\/types\/page"}],"author":[{"embeddable":true,"href":"https:\/\/www.fip-academy.com\/es\/wp-json\/wp\/v2\/users\/2"}],"replies":[{"embeddable":true,"href":"https:\/\/www.fip-academy.com\/es\/wp-json\/wp\/v2\/comments?post=237"}],"version-history":[{"count":23,"href":"https:\/\/www.fip-academy.com\/es\/wp-json\/wp\/v2\/pages\/237\/revisions"}],"predecessor-version":[{"id":908,"href":"https:\/\/www.fip-academy.com\/es\/wp-json\/wp\/v2\/pages\/237\/revisions\/908"}],"wp:attachment":[{"href":"https:\/\/www.fip-academy.com\/es\/wp-json\/wp\/v2\/media?parent=237"}],"curies":[{"name":"wp","href":"https:\/\/api.w.org\/{rel}","templated":true}]}}